{"id":12883,"date":"2021-10-28T08:32:59","date_gmt":"2021-10-28T08:32:59","guid":{"rendered":"https:\/\/ennov-action.com\/blog\/"},"modified":"2023-08-04T18:42:25","modified_gmt":"2023-08-04T18:42:25","slug":"blog","status":"publish","type":"page","link":"https:\/\/ennov-action.com\/fr\/blog\/","title":{"rendered":"Blog"},"content":{"rendered":"\t\t<div data-elementor-type=\"wp-page\" data-elementor-id=\"12883\" class=\"elementor elementor-12883 elementor-7759\" data-elementor-post-type=\"page\">\n\t\t\t\t\t\t<section class=\"elementor-section elementor-top-section elementor-element elementor-element-ea6d5f4 elementor-section-items-stretch elementor-section-content-middle elementor-section-height-min-height elementor-section-boxed elementor-section-height-default\" data-id=\"ea6d5f4\" data-element_type=\"section\" data-e-type=\"section\" data-settings=\"{&quot;background_background&quot;:&quot;classic&quot;}\">\n\t\t\t\t\t\t\t<div class=\"elementor-background-overlay\"><\/div>\n\t\t\t\t\t\t\t<div class=\"elementor-container elementor-column-gap-default\">\n\t\t\t\t\t<div class=\"elementor-column elementor-col-50 elementor-top-column elementor-element elementor-element-56ce86a\" data-id=\"56ce86a\" data-element_type=\"column\" data-e-type=\"column\">\n\t\t\t<div class=\"elementor-widget-wrap elementor-element-populated\">\n\t\t\t\t\t\t<div class=\"elementor-element elementor-element-dc1628c elementor-widget elementor-widget-spacer\" data-id=\"dc1628c\" data-element_type=\"widget\" data-e-type=\"widget\" data-widget_type=\"spacer.default\">\n\t\t\t\t<div class=\"elementor-widget-container\">\n\t\t\t\t\t\t\t<div class=\"elementor-spacer\">\n\t\t\t<div class=\"elementor-spacer-inner\"><\/div>\n\t\t<\/div>\n\t\t\t\t\t\t<\/div>\n\t\t\t\t<\/div>\n\t\t\t\t<div class=\"elementor-element elementor-element-a6d3f85 elementor-widget elementor-widget-heading\" data-id=\"a6d3f85\" data-element_type=\"widget\" data-e-type=\"widget\" data-widget_type=\"heading.default\">\n\t\t\t\t<div class=\"elementor-widget-container\">\n\t\t\t\t\t<h2 class=\"elementor-heading-title elementor-size-default\">Blog<\/h2>\t\t\t\t<\/div>\n\t\t\t\t<\/div>\n\t\t\t\t<div class=\"elementor-element elementor-element-d6e72ec elementor-widget elementor-widget-spacer\" data-id=\"d6e72ec\" data-element_type=\"widget\" data-e-type=\"widget\" data-widget_type=\"spacer.default\">\n\t\t\t\t<div class=\"elementor-widget-container\">\n\t\t\t\t\t\t\t<div class=\"elementor-spacer\">\n\t\t\t<div class=\"elementor-spacer-inner\"><\/div>\n\t\t<\/div>\n\t\t\t\t\t\t<\/div>\n\t\t\t\t<\/div>\n\t\t\t\t<div class=\"elementor-element elementor-element-fa9abde elementor-widget elementor-widget-text-editor\" data-id=\"fa9abde\" data-element_type=\"widget\" data-e-type=\"widget\" data-widget_type=\"text-editor.default\">\n\t\t\t\t<div class=\"elementor-widget-container\">\n\t\t\t\t\t\t\t\t\t<p>Restez inform\u00e9 avec nos derni\u00e8res actualit\u00e9s<\/p>\t\t\t\t\t\t\t\t<\/div>\n\t\t\t\t<\/div>\n\t\t\t\t<div class=\"elementor-element elementor-element-b45d033 elementor-widget elementor-widget-spacer\" data-id=\"b45d033\" data-element_type=\"widget\" data-e-type=\"widget\" data-widget_type=\"spacer.default\">\n\t\t\t\t<div class=\"elementor-widget-container\">\n\t\t\t\t\t\t\t<div class=\"elementor-spacer\">\n\t\t\t<div class=\"elementor-spacer-inner\"><\/div>\n\t\t<\/div>\n\t\t\t\t\t\t<\/div>\n\t\t\t\t<\/div>\n\t\t\t\t\t<\/div>\n\t\t<\/div>\n\t\t\t\t<div class=\"elementor-column elementor-col-50 elementor-top-column elementor-element elementor-element-a44b516\" data-id=\"a44b516\" data-element_type=\"column\" data-e-type=\"column\">\n\t\t\t<div class=\"elementor-widget-wrap\">\n\t\t\t\t\t\t\t<\/div>\n\t\t<\/div>\n\t\t\t\t\t<\/div>\n\t\t<\/section>\n\t\t\t\t<section class=\"elementor-section elementor-top-section elementor-element elementor-element-a955131 elementor-section-height-min-height elementor-section-items-stretch elementor-section-content-middle elementor-section-boxed elementor-section-height-default\" data-id=\"a955131\" data-element_type=\"section\" data-e-type=\"section\" data-settings=\"{&quot;background_background&quot;:&quot;classic&quot;}\">\n\t\t\t\t\t\t<div class=\"elementor-container elementor-column-gap-wider\">\n\t\t\t\t\t<div class=\"elementor-column elementor-col-100 elementor-top-column elementor-element elementor-element-b69bde4\" data-id=\"b69bde4\" data-element_type=\"column\" data-e-type=\"column\" data-settings=\"{&quot;background_background&quot;:&quot;classic&quot;}\">\n\t\t\t<div class=\"elementor-widget-wrap elementor-element-populated\">\n\t\t\t\t\t\t<div class=\"elementor-element elementor-element-3a667e4 img-align-top slide-h-position-center icon-box-vertical-align-top image-vertical-align-start preserve-img-ratio-cover elementor-widget elementor-widget-the7-elements-simple-posts\" data-id=\"3a667e4\" data-element_type=\"widget\" data-e-type=\"widget\" data-widget_type=\"the7-elements-simple-posts.default\">\n\t\t\t\t<div class=\"elementor-widget-container\">\n\t\t\t\t\t<div class=\"the7-simple-widget-posts the7-elementor-widget the7-elements-simple-posts-3a667e4\" data-post-limit=\"-1\" data-pagination-mode=\"standard\" data-scroll-offset=\"\">\t\t\t<div class=\"dt-css-grid custom-pagination-handler\" data-columns=\"{&quot;d&quot;:3,&quot;t&quot;:2,&quot;p&quot;:1,&quot;wd&quot;:&quot;&quot;}\">\n\t\t\t\t\t\t\t\t\t<div class=\"wf-cell visible \">\n\t\t\t\t\t\t<article class=\"post visible wrapper post-12920 type-post status-publish format-standard has-post-thumbnail hentry category-erica-z\">\n\n\t\t\t\t\t\t\t<div class=\"post-content-wrapper\">\n\t\t\t\t\t\t\t\t\t\t\t\t\t\t\t\t\t<div class=\"the7-simple-post-thumb\">\n\t\t\t\t\t\t\t\t\t\t<a class=\"post-thumbnail-rollover layzr-bg img-css-resize-wrapper\" aria-label=\"Image article\" href=\"https:\/\/ennov-action.com\/fr\/ne-soyez-pas-desespere-soyez-determine\/\"><img fetchpriority=\"high\" decoding=\"async\" width=\"2560\" height=\"1707\" src=\"data:image\/svg+xml,%3Csvg%20xmlns%3D&#039;http%3A%2F%2Fwww.w3.org%2F2000%2Fsvg&#039;%20viewBox%3D&#039;0%200%202560%201707&#039;%2F%3E\" class=\"attachment-full size-full preload-me aspect lazy lazy-load\" alt=\"\" sizes=\"(max-width: 2560px) 100vw, 2560px\" style=\"--ratio: 2560 \/ 1707;\" data-src=\"https:\/\/ennov-action.com\/wp-content\/uploads\/2020\/04\/Rejection-scaled-1.jpg\" loading=\"eager\" data-srcset=\"https:\/\/ennov-action.com\/wp-content\/uploads\/2020\/04\/Rejection-scaled-1.jpg 2560w, https:\/\/ennov-action.com\/wp-content\/uploads\/2020\/04\/Rejection-scaled-1-300x200.jpg 300w, https:\/\/ennov-action.com\/wp-content\/uploads\/2020\/04\/Rejection-scaled-1-1024x683.jpg 1024w, https:\/\/ennov-action.com\/wp-content\/uploads\/2020\/04\/Rejection-scaled-1-768x512.jpg 768w, https:\/\/ennov-action.com\/wp-content\/uploads\/2020\/04\/Rejection-scaled-1-1536x1024.jpg 1536w, https:\/\/ennov-action.com\/wp-content\/uploads\/2020\/04\/Rejection-scaled-1-2048x1366.jpg 2048w, https:\/\/ennov-action.com\/wp-content\/uploads\/2020\/04\/Rejection-scaled-1-1000x667.jpg 1000w\" \/><span class=\"the7-hover-icon\"><i aria-hidden=\"true\" class=\"feather feather-more-horizontal\"><\/i><\/span><\/a>\t\t\t\t\t\t\t\t\t<\/div>\n\t\t\t\t\t\t\t\t\t\t\t\t\t\t\t\t<div class=\"post-entry-content\">\n\t\t\t\t\t\t\t\t\t<h5 class=\"heading\"><a href=\"https:\/\/ennov-action.com\/fr\/ne-soyez-pas-desespere-soyez-determine\/\" rel=\"bookmark\" title=\"Ne soyez pas d\u00e9sesp\u00e9r\u00e9, soyez d\u00e9termin\u00e9\" class=\"post-title\">Ne soyez pas d\u00e9sesp\u00e9r\u00e9, soyez d\u00e9termin\u00e9<\/a><\/h5><div class=\"entry-meta\"><span class=\"meta-item data-link\"><time class=\"entry-date updated\" datetime=\"2023-07-31T14:30:30+00:00\">juillet 31, 2023<\/time><\/span><\/div>\t\t\t\t\t\t\t\t<\/div>\n\t\t\t\t\t\t\t<\/div>\n\t\t\t\t\t\t<\/article>\n\t\t\t\t\t<\/div>\t\t\t\t\t\t\t\t\t\t<div class=\"wf-cell visible \">\n\t\t\t\t\t\t<article class=\"post visible wrapper post-12922 type-post status-publish format-standard has-post-thumbnail hentry category-non-classifiee\">\n\n\t\t\t\t\t\t\t<div class=\"post-content-wrapper\">\n\t\t\t\t\t\t\t\t\t\t\t\t\t\t\t\t\t<div class=\"the7-simple-post-thumb\">\n\t\t\t\t\t\t\t\t\t\t<a class=\"post-thumbnail-rollover layzr-bg img-css-resize-wrapper\" aria-label=\"Image article\" href=\"https:\/\/ennov-action.com\/fr\/lentretien-dembauche-est-une-conversation\/\"><img decoding=\"async\" width=\"1280\" height=\"853\" src=\"data:image\/svg+xml,%3Csvg%20xmlns%3D&#039;http%3A%2F%2Fwww.w3.org%2F2000%2Fsvg&#039;%20viewBox%3D&#039;0%200%201280%20853&#039;%2F%3E\" class=\"attachment-full size-full preload-me aspect lazy lazy-load\" alt=\"\" sizes=\"(max-width: 1280px) 100vw, 1280px\" style=\"--ratio: 1280 \/ 853;\" data-src=\"https:\/\/ennov-action.com\/wp-content\/uploads\/2020\/04\/ennov-action-potential-consulting-job-human-ressources-interviews-resume-cv-posting-workshop-contract-recruitment-montreal-canada-quebec-ontario-toronto-36.jpg\" loading=\"eager\" data-srcset=\"https:\/\/ennov-action.com\/wp-content\/uploads\/2020\/04\/ennov-action-potential-consulting-job-human-ressources-interviews-resume-cv-posting-workshop-contract-recruitment-montreal-canada-quebec-ontario-toronto-36.jpg 1280w, https:\/\/ennov-action.com\/wp-content\/uploads\/2020\/04\/ennov-action-potential-consulting-job-human-ressources-interviews-resume-cv-posting-workshop-contract-recruitment-montreal-canada-quebec-ontario-toronto-36-300x200.jpg 300w, https:\/\/ennov-action.com\/wp-content\/uploads\/2020\/04\/ennov-action-potential-consulting-job-human-ressources-interviews-resume-cv-posting-workshop-contract-recruitment-montreal-canada-quebec-ontario-toronto-36-1024x682.jpg 1024w, https:\/\/ennov-action.com\/wp-content\/uploads\/2020\/04\/ennov-action-potential-consulting-job-human-ressources-interviews-resume-cv-posting-workshop-contract-recruitment-montreal-canada-quebec-ontario-toronto-36-768x512.jpg 768w, https:\/\/ennov-action.com\/wp-content\/uploads\/2020\/04\/ennov-action-potential-consulting-job-human-ressources-interviews-resume-cv-posting-workshop-contract-recruitment-montreal-canada-quebec-ontario-toronto-36-1000x666.jpg 1000w\" \/><span class=\"the7-hover-icon\"><i aria-hidden=\"true\" class=\"feather feather-more-horizontal\"><\/i><\/span><\/a>\t\t\t\t\t\t\t\t\t<\/div>\n\t\t\t\t\t\t\t\t\t\t\t\t\t\t\t\t<div class=\"post-entry-content\">\n\t\t\t\t\t\t\t\t\t<h5 class=\"heading\"><a href=\"https:\/\/ennov-action.com\/fr\/lentretien-dembauche-est-une-conversation\/\" rel=\"bookmark\" title=\"L&rsquo;entretien d&#8217;embauche est une conversation.\" class=\"post-title\">L&rsquo;entretien d&#8217;embauche est une conversation.<\/a><\/h5><div class=\"entry-meta\"><span class=\"meta-item data-link\"><time class=\"entry-date updated\" datetime=\"2023-07-28T00:42:51+00:00\">juillet 28, 2023<\/time><\/span><\/div>\t\t\t\t\t\t\t\t<\/div>\n\t\t\t\t\t\t\t<\/div>\n\t\t\t\t\t\t<\/article>\n\t\t\t\t\t<\/div>\t\t\t\t\t\t\t\t\t\t<div class=\"wf-cell visible \">\n\t\t\t\t\t\t<article class=\"post visible wrapper post-12924 type-post status-publish format-standard has-post-thumbnail hentry category-non-classifiee\">\n\n\t\t\t\t\t\t\t<div class=\"post-content-wrapper\">\n\t\t\t\t\t\t\t\t\t\t\t\t\t\t\t\t\t<div class=\"the7-simple-post-thumb\">\n\t\t\t\t\t\t\t\t\t\t<a class=\"post-thumbnail-rollover layzr-bg img-css-resize-wrapper\" aria-label=\"Image article\" href=\"https:\/\/ennov-action.com\/fr\/definir-qui-vous-etes-en-tant-que-travailleur-et-trouver-votre-valeur-cela-concerne-leducation-les-experiences-de-vie-les-opportunites-le-travail-et-le-potentiel\/\"><img decoding=\"async\" width=\"1280\" height=\"853\" src=\"data:image\/svg+xml,%3Csvg%20xmlns%3D&#039;http%3A%2F%2Fwww.w3.org%2F2000%2Fsvg&#039;%20viewBox%3D&#039;0%200%201280%20853&#039;%2F%3E\" class=\"attachment-full size-full preload-me aspect lazy lazy-load\" alt=\"\" sizes=\"(max-width: 1280px) 100vw, 1280px\" style=\"--ratio: 1280 \/ 853;\" data-src=\"https:\/\/ennov-action.com\/wp-content\/uploads\/2020\/04\/ennov-action-potential-consulting-job-human-ressources-interviews-resume-cv-posting-workshop-contract-recruitment-montreal-canada-quebec-ontario-toronto-03.jpg\" loading=\"eager\" data-srcset=\"https:\/\/ennov-action.com\/wp-content\/uploads\/2020\/04\/ennov-action-potential-consulting-job-human-ressources-interviews-resume-cv-posting-workshop-contract-recruitment-montreal-canada-quebec-ontario-toronto-03.jpg 1280w, https:\/\/ennov-action.com\/wp-content\/uploads\/2020\/04\/ennov-action-potential-consulting-job-human-ressources-interviews-resume-cv-posting-workshop-contract-recruitment-montreal-canada-quebec-ontario-toronto-03-300x200.jpg 300w, https:\/\/ennov-action.com\/wp-content\/uploads\/2020\/04\/ennov-action-potential-consulting-job-human-ressources-interviews-resume-cv-posting-workshop-contract-recruitment-montreal-canada-quebec-ontario-toronto-03-1024x682.jpg 1024w, https:\/\/ennov-action.com\/wp-content\/uploads\/2020\/04\/ennov-action-potential-consulting-job-human-ressources-interviews-resume-cv-posting-workshop-contract-recruitment-montreal-canada-quebec-ontario-toronto-03-768x512.jpg 768w, https:\/\/ennov-action.com\/wp-content\/uploads\/2020\/04\/ennov-action-potential-consulting-job-human-ressources-interviews-resume-cv-posting-workshop-contract-recruitment-montreal-canada-quebec-ontario-toronto-03-1000x666.jpg 1000w\" \/><span class=\"the7-hover-icon\"><i aria-hidden=\"true\" class=\"feather feather-more-horizontal\"><\/i><\/span><\/a>\t\t\t\t\t\t\t\t\t<\/div>\n\t\t\t\t\t\t\t\t\t\t\t\t\t\t\t\t<div class=\"post-entry-content\">\n\t\t\t\t\t\t\t\t\t<h5 class=\"heading\"><a href=\"https:\/\/ennov-action.com\/fr\/definir-qui-vous-etes-en-tant-que-travailleur-et-trouver-votre-valeur-cela-concerne-leducation-les-experiences-de-vie-les-opportunites-le-travail-et-le-potentiel\/\" rel=\"bookmark\" title=\"D\u00e9finir qui vous \u00eates en tant que travailleur et trouver votre valeur : cela concerne l&rsquo;\u00e9ducation, les exp\u00e9riences de vie, les opportunit\u00e9s, le travail et le potentiel.\" class=\"post-title\">D\u00e9finir qui vous \u00eates en tant que travailleur et trouver votre valeur : cela concerne l&rsquo;\u00e9ducation, les exp\u00e9riences de vie, les opportunit\u00e9s, le travail et le potentiel.<\/a><\/h5><div class=\"entry-meta\"><span class=\"meta-item data-link\"><time class=\"entry-date updated\" datetime=\"2023-07-25T23:57:22+00:00\">juillet 25, 2023<\/time><\/span><\/div>\t\t\t\t\t\t\t\t<\/div>\n\t\t\t\t\t\t\t<\/div>\n\t\t\t\t\t\t<\/article>\n\t\t\t\t\t<\/div>\t\t\t\t\t\t\t\t\t\t<div class=\"wf-cell visible \">\n\t\t\t\t\t\t<article class=\"post visible wrapper post-12926 type-post status-publish format-standard has-post-thumbnail hentry category-non-classifiee\">\n\n\t\t\t\t\t\t\t<div class=\"post-content-wrapper\">\n\t\t\t\t\t\t\t\t\t\t\t\t\t\t\t\t\t<div class=\"the7-simple-post-thumb\">\n\t\t\t\t\t\t\t\t\t\t<a class=\"post-thumbnail-rollover layzr-bg img-css-resize-wrapper\" aria-label=\"Image article\" href=\"https:\/\/ennov-action.com\/fr\/6-facons-de-preserver-votre-sante-mentale\/\"><img decoding=\"async\" width=\"1920\" height=\"960\" src=\"data:image\/svg+xml,%3Csvg%20xmlns%3D&#039;http%3A%2F%2Fwww.w3.org%2F2000%2Fsvg&#039;%20viewBox%3D&#039;0%200%201920%20960&#039;%2F%3E\" class=\"attachment-full size-full preload-me aspect lazy lazy-load\" alt=\"\" sizes=\"(max-width: 1920px) 100vw, 1920px\" style=\"--ratio: 1920 \/ 960;\" data-src=\"https:\/\/ennov-action.com\/wp-content\/uploads\/2020\/04\/psychologist-3-sd-2.jpg\" loading=\"eager\" data-srcset=\"https:\/\/ennov-action.com\/wp-content\/uploads\/2020\/04\/psychologist-3-sd-2.jpg 1920w, https:\/\/ennov-action.com\/wp-content\/uploads\/2020\/04\/psychologist-3-sd-2-300x150.jpg 300w, https:\/\/ennov-action.com\/wp-content\/uploads\/2020\/04\/psychologist-3-sd-2-1024x512.jpg 1024w, https:\/\/ennov-action.com\/wp-content\/uploads\/2020\/04\/psychologist-3-sd-2-768x384.jpg 768w, https:\/\/ennov-action.com\/wp-content\/uploads\/2020\/04\/psychologist-3-sd-2-1536x768.jpg 1536w, https:\/\/ennov-action.com\/wp-content\/uploads\/2020\/04\/psychologist-3-sd-2-1000x500.jpg 1000w\" \/><span class=\"the7-hover-icon\"><i aria-hidden=\"true\" class=\"feather feather-more-horizontal\"><\/i><\/span><\/a>\t\t\t\t\t\t\t\t\t<\/div>\n\t\t\t\t\t\t\t\t\t\t\t\t\t\t\t\t<div class=\"post-entry-content\">\n\t\t\t\t\t\t\t\t\t<h5 class=\"heading\"><a href=\"https:\/\/ennov-action.com\/fr\/6-facons-de-preserver-votre-sante-mentale\/\" rel=\"bookmark\" title=\"6 fa\u00e7ons de pr\u00e9server votre sant\u00e9 mentale :\" class=\"post-title\">6 fa\u00e7ons de pr\u00e9server votre sant\u00e9 mentale :<\/a><\/h5><div class=\"entry-meta\"><span class=\"meta-item data-link\"><time class=\"entry-date updated\" datetime=\"2023-07-24T23:50:35+00:00\">juillet 24, 2023<\/time><\/span><\/div>\t\t\t\t\t\t\t\t<\/div>\n\t\t\t\t\t\t\t<\/div>\n\t\t\t\t\t\t<\/article>\n\t\t\t\t\t<\/div>\t\t\t\t\t\t\t\t\t\t<div class=\"wf-cell visible \">\n\t\t\t\t\t\t<article class=\"post visible wrapper post-12928 type-post status-publish format-standard has-post-thumbnail hentry category-non-classifiee\">\n\n\t\t\t\t\t\t\t<div class=\"post-content-wrapper\">\n\t\t\t\t\t\t\t\t\t\t\t\t\t\t\t\t\t<div class=\"the7-simple-post-thumb\">\n\t\t\t\t\t\t\t\t\t\t<a class=\"post-thumbnail-rollover layzr-bg img-css-resize-wrapper\" aria-label=\"Image article\" href=\"https:\/\/ennov-action.com\/fr\/e-nnover\/\"><img decoding=\"async\" width=\"1920\" height=\"1080\" src=\"data:image\/svg+xml,%3Csvg%20xmlns%3D&#039;http%3A%2F%2Fwww.w3.org%2F2000%2Fsvg&#039;%20viewBox%3D&#039;0%200%201920%201080&#039;%2F%3E\" class=\"attachment-full size-full preload-me aspect lazy lazy-load\" alt=\"\" sizes=\"(max-width: 1920px) 100vw, 1920px\" style=\"--ratio: 1920 \/ 1080;\" data-src=\"https:\/\/ennov-action.com\/wp-content\/uploads\/2020\/04\/pexels-artem-podrez-5716031.jpg\" loading=\"eager\" data-srcset=\"https:\/\/ennov-action.com\/wp-content\/uploads\/2020\/04\/pexels-artem-podrez-5716031.jpg 1920w, https:\/\/ennov-action.com\/wp-content\/uploads\/2020\/04\/pexels-artem-podrez-5716031-300x169.jpg 300w, https:\/\/ennov-action.com\/wp-content\/uploads\/2020\/04\/pexels-artem-podrez-5716031-1024x576.jpg 1024w, https:\/\/ennov-action.com\/wp-content\/uploads\/2020\/04\/pexels-artem-podrez-5716031-768x432.jpg 768w, https:\/\/ennov-action.com\/wp-content\/uploads\/2020\/04\/pexels-artem-podrez-5716031-1536x864.jpg 1536w, https:\/\/ennov-action.com\/wp-content\/uploads\/2020\/04\/pexels-artem-podrez-5716031-1000x563.jpg 1000w\" \/><span class=\"the7-hover-icon\"><i aria-hidden=\"true\" class=\"feather feather-more-horizontal\"><\/i><\/span><\/a>\t\t\t\t\t\t\t\t\t<\/div>\n\t\t\t\t\t\t\t\t\t\t\t\t\t\t\t\t<div class=\"post-entry-content\">\n\t\t\t\t\t\t\t\t\t<h5 class=\"heading\"><a href=\"https:\/\/ennov-action.com\/fr\/e-nnover\/\" rel=\"bookmark\" title=\"E-nnover\" class=\"post-title\">E-nnover<\/a><\/h5><div class=\"entry-meta\"><span class=\"meta-item data-link\"><time class=\"entry-date updated\" datetime=\"2023-07-23T00:06:13+00:00\">juillet 23, 2023<\/time><\/span><\/div>\t\t\t\t\t\t\t\t<\/div>\n\t\t\t\t\t\t\t<\/div>\n\t\t\t\t\t\t<\/article>\n\t\t\t\t\t<\/div>\t\t\t\t\t\t\t\t\t\t<div class=\"wf-cell visible \">\n\t\t\t\t\t\t<article class=\"post visible wrapper post-12937 type-post status-publish format-standard has-post-thumbnail hentry category-non-classifiee\">\n\n\t\t\t\t\t\t\t<div class=\"post-content-wrapper\">\n\t\t\t\t\t\t\t\t\t\t\t\t\t\t\t\t\t<div class=\"the7-simple-post-thumb\">\n\t\t\t\t\t\t\t\t\t\t<a class=\"post-thumbnail-rollover layzr-bg img-css-resize-wrapper\" aria-label=\"Image article\" href=\"https:\/\/ennov-action.com\/fr\/comment-ameliorer-vos-competences-en-matiere-daffirmation-de-soi-pour-reussir\/\"><img decoding=\"async\" width=\"1920\" height=\"1280\" src=\"data:image\/svg+xml,%3Csvg%20xmlns%3D&#039;http%3A%2F%2Fwww.w3.org%2F2000%2Fsvg&#039;%20viewBox%3D&#039;0%200%201920%201280&#039;%2F%3E\" class=\"attachment-full size-full preload-me aspect lazy lazy-load\" alt=\"\" sizes=\"(max-width: 1920px) 100vw, 1920px\" style=\"--ratio: 1920 \/ 1280;\" data-src=\"https:\/\/ennov-action.com\/wp-content\/uploads\/2020\/04\/pexels-yan-krukau-7793664.jpg\" loading=\"eager\" data-srcset=\"https:\/\/ennov-action.com\/wp-content\/uploads\/2020\/04\/pexels-yan-krukau-7793664.jpg 1920w, https:\/\/ennov-action.com\/wp-content\/uploads\/2020\/04\/pexels-yan-krukau-7793664-300x200.jpg 300w, https:\/\/ennov-action.com\/wp-content\/uploads\/2020\/04\/pexels-yan-krukau-7793664-1024x683.jpg 1024w, https:\/\/ennov-action.com\/wp-content\/uploads\/2020\/04\/pexels-yan-krukau-7793664-768x512.jpg 768w, https:\/\/ennov-action.com\/wp-content\/uploads\/2020\/04\/pexels-yan-krukau-7793664-1536x1024.jpg 1536w, https:\/\/ennov-action.com\/wp-content\/uploads\/2020\/04\/pexels-yan-krukau-7793664-1000x667.jpg 1000w\" \/><span class=\"the7-hover-icon\"><i aria-hidden=\"true\" class=\"feather feather-more-horizontal\"><\/i><\/span><\/a>\t\t\t\t\t\t\t\t\t<\/div>\n\t\t\t\t\t\t\t\t\t\t\t\t\t\t\t\t<div class=\"post-entry-content\">\n\t\t\t\t\t\t\t\t\t<h5 class=\"heading\"><a href=\"https:\/\/ennov-action.com\/fr\/comment-ameliorer-vos-competences-en-matiere-daffirmation-de-soi-pour-reussir\/\" rel=\"bookmark\" title=\"Comment am\u00e9liorer vos comp\u00e9tences en mati\u00e8re d&rsquo;affirmation de soi pour r\u00e9ussir\" class=\"post-title\">Comment am\u00e9liorer vos comp\u00e9tences en mati\u00e8re d&rsquo;affirmation de soi pour r\u00e9ussir<\/a><\/h5><div class=\"entry-meta\"><span class=\"meta-item data-link\"><time class=\"entry-date updated\" datetime=\"2023-07-22T00:13:22+00:00\">juillet 22, 2023<\/time><\/span><\/div>\t\t\t\t\t\t\t\t<\/div>\n\t\t\t\t\t\t\t<\/div>\n\t\t\t\t\t\t<\/article>\n\t\t\t\t\t<\/div>\t\t\t\t\t\t\t\t<\/div>\n\t\t<div class=\"paginator filter-decorations filter-pointer-underline filter-animation-fade\" role=\"navigation\"><a href=\"https:\/\/ennov-action.com\/fr\/wp-json\/wp\/v2\/pages\/12883\/\" class=\"page-numbers filter-item act\" data-page-num=\"1\">1<\/a><a href=\"https:\/\/ennov-action.com\/fr\/wp-json\/wp\/v2\/pages\/12883\/page\/2\/\" class=\"page-numbers filter-item \" data-page-num=\"2\">2<\/a><a href=\"https:\/\/ennov-action.com\/fr\/wp-json\/wp\/v2\/pages\/12883\/page\/3\/\" class=\"page-numbers filter-item \" data-page-num=\"3\">3<\/a><a href=\"https:\/\/ennov-action.com\/fr\/wp-json\/wp\/v2\/pages\/12883\/page\/2\/\" class=\"page-numbers nav-next filter-item\" data-page-num=\"2\" >\u2192<\/a><\/div><\/div>\t\t\t\t<\/div>\n\t\t\t\t<\/div>\n\t\t\t\t\t<\/div>\n\t\t<\/div>\n\t\t\t\t\t<\/div>\n\t\t<\/section>\n\t\t\t\t<\/div>\n\t\t","protected":false},"excerpt":{"rendered":"<p>Blog Restez inform\u00e9 avec nos derni\u00e8res actualit\u00e9s<\/p>\n","protected":false},"author":1,"featured_media":0,"parent":0,"menu_order":20,"comment_status":"closed","ping_status":"closed","template":"","meta":{"content-type":"","footnotes":""},"class_list":["post-12883","page","type-page","status-publish","hentry"],"_links":{"self":[{"href":"https:\/\/ennov-action.com\/fr\/wp-json\/wp\/v2\/pages\/12883","targetHints":{"allow":["GET"]}}],"collection":[{"href":"https:\/\/ennov-action.com\/fr\/wp-json\/wp\/v2\/pages"}],"about":[{"href":"https:\/\/ennov-action.com\/fr\/wp-json\/wp\/v2\/types\/page"}],"author":[{"embeddable":true,"href":"https:\/\/ennov-action.com\/fr\/wp-json\/wp\/v2\/users\/1"}],"replies":[{"embeddable":true,"href":"https:\/\/ennov-action.com\/fr\/wp-json\/wp\/v2\/comments?post=12883"}],"version-history":[{"count":1,"href":"https:\/\/ennov-action.com\/fr\/wp-json\/wp\/v2\/pages\/12883\/revisions"}],"predecessor-version":[{"id":12887,"href":"https:\/\/ennov-action.com\/fr\/wp-json\/wp\/v2\/pages\/12883\/revisions\/12887"}],"wp:attachment":[{"href":"https:\/\/ennov-action.com\/fr\/wp-json\/wp\/v2\/media?parent=12883"}],"curies":[{"name":"wp","href":"https:\/\/api.w.org\/{rel}","templated":true}]}}