{"id":13056,"date":"2023-07-13T04:00:31","date_gmt":"2023-07-13T04:00:31","guid":{"rendered":"https:\/\/ennov-action.com\/product\/believe-white\/"},"modified":"2023-08-31T12:42:40","modified_gmt":"2023-08-31T12:42:40","slug":"believe-white","status":"publish","type":"product","link":"https:\/\/ennov-action.com\/fr\/produit\/believe-white\/","title":{"rendered":"Believe &#8211; Blanc"},"content":{"rendered":"<p>Confectionn\u00e9 pour le confort, ce sweatshirt plus l\u00e9ger est parfait pour se d\u00e9tendre. Une fois port\u00e9, il sera impossible \u00e0 enlever.<\/p>\n<p>.: Coupe classique .: 50 % coton ; 50 % polyester (la composition des fibres peut varier selon les couleurs)<\/p>\n<p>.: Tissu moyen (8,0 oz\/yd\u00b2 soit 271,25 g\/m\u00b2)<\/p>\n<p>.: \u00c9tiquette cousue \u00e0 l&rsquo;int\u00e9rieur<\/p>\n<p>.: Taille conforme \u00e0 la r\u00e9alit\u00e9<\/p>\n","protected":false},"excerpt":{"rendered":"<p>D\u00e9tendez-vous dans un confort ultime avec notre sweatshirt \u00e0 coupe classique. Fabriqu\u00e9 avec 50 % de coton et 50 % de polyester, vous ne voudrez pas l&rsquo;enlever !<\/p>\n","protected":false},"featured_media":13970,"comment_status":"open","ping_status":"closed","template":"","meta":{"content-type":""},"product_brand":[],"product_cat":[70],"product_tag":[],"class_list":{"0":"post-13056","1":"product","2":"type-product","3":"status-publish","4":"has-post-thumbnail","6":"product_cat-products-fr","7":"description-off","9":"first","10":"instock","11":"shipping-taxable","12":"purchasable","13":"product-type-variable","14":"has-default-attributes"},"_links":{"self":[{"href":"https:\/\/ennov-action.com\/fr\/wp-json\/wp\/v2\/product\/13056","targetHints":{"allow":["GET"]}}],"collection":[{"href":"https:\/\/ennov-action.com\/fr\/wp-json\/wp\/v2\/product"}],"about":[{"href":"https:\/\/ennov-action.com\/fr\/wp-json\/wp\/v2\/types\/product"}],"replies":[{"embeddable":true,"href":"https:\/\/ennov-action.com\/fr\/wp-json\/wp\/v2\/comments?post=13056"}],"version-history":[{"count":1,"href":"https:\/\/ennov-action.com\/fr\/wp-json\/wp\/v2\/product\/13056\/revisions"}],"predecessor-version":[{"id":13065,"href":"https:\/\/ennov-action.com\/fr\/wp-json\/wp\/v2\/product\/13056\/revisions\/13065"}],"wp:featuredmedia":[{"embeddable":true,"href":"https:\/\/ennov-action.com\/fr\/wp-json\/wp\/v2\/media\/13970"}],"wp:attachment":[{"href":"https:\/\/ennov-action.com\/fr\/wp-json\/wp\/v2\/media?parent=13056"}],"wp:term":[{"taxonomy":"product_brand","embeddable":true,"href":"https:\/\/ennov-action.com\/fr\/wp-json\/wp\/v2\/product_brand?post=13056"},{"taxonomy":"product_cat","embeddable":true,"href":"https:\/\/ennov-action.com\/fr\/wp-json\/wp\/v2\/product_cat?post=13056"},{"taxonomy":"product_tag","embeddable":true,"href":"https:\/\/ennov-action.com\/fr\/wp-json\/wp\/v2\/product_tag?post=13056"}],"curies":[{"name":"wp","href":"https:\/\/api.w.org\/{rel}","templated":true}]}}