{"id":13094,"date":"2023-07-13T03:57:32","date_gmt":"2023-07-13T03:57:32","guid":{"rendered":"https:\/\/ennov-action.com\/?post_type=product&#038;p=13094"},"modified":"2023-08-31T13:04:21","modified_gmt":"2023-08-31T13:04:21","slug":"croire-orange","status":"publish","type":"product","link":"https:\/\/ennov-action.com\/fr\/produit\/croire-orange\/","title":{"rendered":"Croire &#8211; Orange"},"content":{"rendered":"<p>Ce sweatshirt doux a une coupe ample pour une sensation de confort. Avec son impression durable, il sera un panneau publicitaire ambulant pendant de nombreuses ann\u00e9es \u00e0 venir.<\/p>\n<p>.: Coupe ample<\/p>\n<p>.: 50 % coton ; 50 % polyester (la composition des fibres peut varier selon les couleurs)<\/p>\n<p>.: Tissu moyen (8,0 oz\/yd\u00b2 soit 271,25 g\/m\u00b2)<\/p>\n<p>.: \u00c9tiquette cousue<\/p>\n<p>.: Taille conforme \u00e0 la r\u00e9alit\u00e9<\/p>\n","protected":false},"excerpt":{"rendered":"<p>Confortable et Durable &#8211; Ce sweatshirt doux offre une coupe ample pour un confort ultime. L&rsquo;impression durable garantit un panneau publicitaire durable.<\/p>\n","protected":false},"featured_media":14133,"comment_status":"open","ping_status":"closed","template":"","meta":{"content-type":""},"product_brand":[],"product_cat":[70],"product_tag":[],"class_list":{"0":"post-13094","1":"product","2":"type-product","3":"status-publish","4":"has-post-thumbnail","6":"product_cat-products-fr","7":"description-off","9":"first","10":"instock","11":"shipping-taxable","12":"purchasable","13":"product-type-variable","14":"has-default-attributes"},"_links":{"self":[{"href":"https:\/\/ennov-action.com\/fr\/wp-json\/wp\/v2\/product\/13094","targetHints":{"allow":["GET"]}}],"collection":[{"href":"https:\/\/ennov-action.com\/fr\/wp-json\/wp\/v2\/product"}],"about":[{"href":"https:\/\/ennov-action.com\/fr\/wp-json\/wp\/v2\/types\/product"}],"replies":[{"embeddable":true,"href":"https:\/\/ennov-action.com\/fr\/wp-json\/wp\/v2\/comments?post=13094"}],"version-history":[{"count":0,"href":"https:\/\/ennov-action.com\/fr\/wp-json\/wp\/v2\/product\/13094\/revisions"}],"wp:featuredmedia":[{"embeddable":true,"href":"https:\/\/ennov-action.com\/fr\/wp-json\/wp\/v2\/media\/14133"}],"wp:attachment":[{"href":"https:\/\/ennov-action.com\/fr\/wp-json\/wp\/v2\/media?parent=13094"}],"wp:term":[{"taxonomy":"product_brand","embeddable":true,"href":"https:\/\/ennov-action.com\/fr\/wp-json\/wp\/v2\/product_brand?post=13094"},{"taxonomy":"product_cat","embeddable":true,"href":"https:\/\/ennov-action.com\/fr\/wp-json\/wp\/v2\/product_cat?post=13094"},{"taxonomy":"product_tag","embeddable":true,"href":"https:\/\/ennov-action.com\/fr\/wp-json\/wp\/v2\/product_tag?post=13094"}],"curies":[{"name":"wp","href":"https:\/\/api.w.org\/{rel}","templated":true}]}}