{"id":13102,"date":"2023-07-13T03:56:54","date_gmt":"2023-07-13T03:56:54","guid":{"rendered":"https:\/\/ennov-action.com\/?post_type=product&#038;p=13102"},"modified":"2023-08-31T13:09:58","modified_gmt":"2023-08-31T13:09:58","slug":"fais-confiance-au-timing-de-ta-vie","status":"publish","type":"product","link":"https:\/\/ennov-action.com\/fr\/produit\/fais-confiance-au-timing-de-ta-vie\/","title":{"rendered":"Fais confiance au timing de ta vie"},"content":{"rendered":"<p>Con\u00e7u pour le confort, ce sweatshirt plus l\u00e9ger est parfait pour se d\u00e9tendre. Une fois port\u00e9, il sera impossible de l&rsquo;enlever.<\/p>\n<p>.: Coupe classique<\/p>\n<p>.: 50 % coton ; 50 % polyester (la composition des fibres peut varier selon les couleurs)<\/p>\n<p>.: Tissu moyen (8,0 oz\/yd\u00b2 soit 271,25 g\/m\u00b2)<\/p>\n<p>.: \u00c9tiquette cousue<\/p>\n<p>.: Taille conforme \u00e0 la r\u00e9alit\u00e9<\/p>\n","protected":false},"excerpt":{"rendered":"<p>Confort Ultime &#8211; Ce sweatshirt l\u00e9ger est con\u00e7u pour la d\u00e9tente. Une fois que vous le portez, vous ne voudrez pas l&rsquo;enlever.<\/p>\n","protected":false},"featured_media":12179,"comment_status":"open","ping_status":"closed","template":"","meta":{"content-type":""},"product_brand":[],"product_cat":[70],"product_tag":[],"class_list":{"0":"post-13102","1":"product","2":"type-product","3":"status-publish","4":"has-post-thumbnail","6":"product_cat-products-fr","7":"description-off","9":"first","10":"instock","11":"shipping-taxable","12":"purchasable","13":"product-type-variable","14":"has-default-attributes"},"_links":{"self":[{"href":"https:\/\/ennov-action.com\/fr\/wp-json\/wp\/v2\/product\/13102","targetHints":{"allow":["GET"]}}],"collection":[{"href":"https:\/\/ennov-action.com\/fr\/wp-json\/wp\/v2\/product"}],"about":[{"href":"https:\/\/ennov-action.com\/fr\/wp-json\/wp\/v2\/types\/product"}],"replies":[{"embeddable":true,"href":"https:\/\/ennov-action.com\/fr\/wp-json\/wp\/v2\/comments?post=13102"}],"version-history":[{"count":0,"href":"https:\/\/ennov-action.com\/fr\/wp-json\/wp\/v2\/product\/13102\/revisions"}],"wp:featuredmedia":[{"embeddable":true,"href":"https:\/\/ennov-action.com\/fr\/wp-json\/wp\/v2\/media\/12179"}],"wp:attachment":[{"href":"https:\/\/ennov-action.com\/fr\/wp-json\/wp\/v2\/media?parent=13102"}],"wp:term":[{"taxonomy":"product_brand","embeddable":true,"href":"https:\/\/ennov-action.com\/fr\/wp-json\/wp\/v2\/product_brand?post=13102"},{"taxonomy":"product_cat","embeddable":true,"href":"https:\/\/ennov-action.com\/fr\/wp-json\/wp\/v2\/product_cat?post=13102"},{"taxonomy":"product_tag","embeddable":true,"href":"https:\/\/ennov-action.com\/fr\/wp-json\/wp\/v2\/product_tag?post=13102"}],"curies":[{"name":"wp","href":"https:\/\/api.w.org\/{rel}","templated":true}]}}